{"id":23453,"date":"2016-05-09T21:14:49","date_gmt":"2016-05-09T20:14:49","guid":{"rendered":"http:\/\/armoniaantiqua.org\/?page_id=23453"},"modified":"2021-03-15T16:29:59","modified_gmt":"2021-03-15T15:29:59","slug":"musica-dinsieme","status":"publish","type":"page","link":"https:\/\/armoniaantiqua.org\/?page_id=23453","title":{"rendered":"Musica d&#8217;insieme"},"content":{"rendered":"\n<p>I filmati della settimana di Citt\u00e0 di Castello 2020 sono disponibili  al seguente link:<\/p>\n\n\n\n<p><a href=\"https:\/\/drive.google.com\/drive\/folders\/1JDVHwdsVYQ8wFQqELLht_WEZgXenUvU9?usp=sharing\">https:\/\/drive.google.com\/drive\/folders\/1JDVHwdsVYQ8wFQqELLht_WEZgXenUvU9?usp=sharing<\/a><\/p>\n\n\n\n<p><\/p>\n\n\n\n<p><\/p>\n\n\n<p><a href=\"https:\/\/armoniaantiqua.org\/wp-content\/uploads\/2014\/04\/AAlogo-01-Senza-dicitura_piccolo.jpg\"><img loading=\"lazy\" decoding=\"async\" class=\" wp-image-83 alignleft\" style=\"margin-left: 10px; margin-right: 10px;\" src=\"https:\/\/armoniaantiqua.org\/wp-content\/uploads\/2014\/04\/AAlogo-01-Senza-dicitura_piccolo.jpg\" alt=\"AAlogo-01-Senza dicitura_piccolo\" width=\"118\" height=\"77\"><\/a><br>ASSOCIAZIONE MUSICALE<br>ARMONIA ANTIQUA<\/p>\n<hr>\n<p>Corsi di musica di Citt\u00e0 di Castello 2019 (informazioni e scheda iscrizione):<\/p>\n<p><a href=\"https:\/\/armoniaantiqua.org\/?page_id=26810\">Citt\u00e0 di Castello 2020<\/a><\/p>\n<p><a href=\"https:\/\/armoniaantiqua.org\/?attachment_id=26755\">Scheda di iscrizione Amici in armonia 2020<\/a><\/p>\n<hr>\n<p>Scaricare le parti musicali per Citt\u00e0 di Castello 2020:<\/p>\n<p><blockquote class=\"wp-embedded-content\" data-secret=\"vo6q2eEacT\"><a href=\"https:\/\/armoniaantiqua.org\/?page_id=23449\">Parti musicali<\/a><\/blockquote><iframe class=\"wp-embedded-content\" sandbox=\"allow-scripts\" security=\"restricted\" style=\"position: absolute; clip: rect(1px, 1px, 1px, 1px);\" title=\"&#8220;Parti musicali&#8221; &#8212; Armonia Antiqua: Medieval, Renaissance &amp; Baroque Music\" src=\"https:\/\/armoniaantiqua.org\/?page_id=23449&#038;embed=true#?secret=vo6q2eEacT\" data-secret=\"vo6q2eEacT\" width=\"600\" height=\"338\" frameborder=\"0\" marginwidth=\"0\" marginheight=\"0\" scrolling=\"no\"><\/iframe><\/p>\n<hr>\n<p>Le settimane di musica antica tenute ad Amatrice negli anni precedenti 2010-2016:<\/p>\n<p><blockquote class=\"wp-embedded-content\" data-secret=\"jjx6K31XBZ\"><a href=\"https:\/\/armoniaantiqua.org\/?page_id=23451\">Amatrice 2010-2016<\/a><\/blockquote><iframe class=\"wp-embedded-content\" sandbox=\"allow-scripts\" security=\"restricted\" style=\"position: absolute; clip: rect(1px, 1px, 1px, 1px);\" title=\"&#8220;Amatrice 2010-2016&#8221; &#8212; Armonia Antiqua: Medieval, Renaissance &amp; Baroque Music\" src=\"https:\/\/armoniaantiqua.org\/?page_id=23451&#038;embed=true#?secret=jjx6K31XBZ\" data-secret=\"jjx6K31XBZ\" width=\"600\" height=\"338\" frameborder=\"0\" marginwidth=\"0\" marginheight=\"0\" scrolling=\"no\"><\/iframe><\/p>\n<p><blockquote class=\"wp-embedded-content\" data-secret=\"iJ6tIaQsWK\"><a href=\"https:\/\/armoniaantiqua.org\/?page_id=25011\">Citt\u00e0 di Castello 2018<\/a><\/blockquote><iframe class=\"wp-embedded-content\" sandbox=\"allow-scripts\" security=\"restricted\" style=\"position: absolute; clip: rect(1px, 1px, 1px, 1px);\" title=\"&#8220;Citt\u00e0 di Castello 2018&#8221; &#8212; Armonia Antiqua: Medieval, Renaissance &amp; Baroque Music\" src=\"https:\/\/armoniaantiqua.org\/?page_id=25011&#038;embed=true#?secret=iJ6tIaQsWK\" data-secret=\"iJ6tIaQsWK\" width=\"600\" height=\"338\" frameborder=\"0\" marginwidth=\"0\" marginheight=\"0\" scrolling=\"no\"><\/iframe><\/p>\n<p>La settimana di musica antica tenuta a Citt\u00e0 di Castello nel 2017:<\/p>\n<p><blockquote class=\"wp-embedded-content\" data-secret=\"N1OtYC46H0\"><a href=\"https:\/\/armoniaantiqua.org\/?page_id=23429\">Citt\u00e0 di Castello 2017<\/a><\/blockquote><iframe class=\"wp-embedded-content\" sandbox=\"allow-scripts\" security=\"restricted\" style=\"position: absolute; clip: rect(1px, 1px, 1px, 1px);\" title=\"&#8220;Citt\u00e0 di Castello 2017&#8221; &#8212; Armonia Antiqua: Medieval, Renaissance &amp; Baroque Music\" src=\"https:\/\/armoniaantiqua.org\/?page_id=23429&#038;embed=true#?secret=N1OtYC46H0\" data-secret=\"N1OtYC46H0\" width=\"600\" height=\"338\" frameborder=\"0\" marginwidth=\"0\" marginheight=\"0\" scrolling=\"no\"><\/iframe><\/p>\n\n\n<p> La settimana di musica antica tenuta a Citt\u00e0 di Castello nel 2019: <\/p>\n\n\n\n<p> <a href=\"https:\/\/armoniaantiqua.org\/?page_id=26081\">Citt\u00e0 di Castello 2019<\/a><\/p>\n\n\n\n<p><\/p>\n","protected":false},"excerpt":{"rendered":"<p>I filmati della settimana di Citt\u00e0 di Castello 2020 sono disponibili al seguente link: https:\/\/drive.google.com\/drive\/folders\/1JDVHwdsVYQ8wFQqELLht_WEZgXenUvU9?usp=sharing ASSOCIAZIONE MUSICALEARMONIA ANTIQUA Corsi di musica di Citt\u00e0 di Castello 2019 (informazioni e scheda iscrizione): Citt\u00e0 di Castello 2020 Scheda di iscrizione Amici in armonia 2020 Scaricare le parti musicali per Citt\u00e0 di Castello 2020: Parti musicali Le settimane di [&hellip;]<\/p>\n","protected":false},"author":1,"featured_media":0,"parent":0,"menu_order":0,"comment_status":"closed","ping_status":"closed","template":"page-fullwidth.php","meta":{"footnotes":""},"_links":{"self":[{"href":"https:\/\/armoniaantiqua.org\/index.php?rest_route=\/wp\/v2\/pages\/23453"}],"collection":[{"href":"https:\/\/armoniaantiqua.org\/index.php?rest_route=\/wp\/v2\/pages"}],"about":[{"href":"https:\/\/armoniaantiqua.org\/index.php?rest_route=\/wp\/v2\/types\/page"}],"author":[{"embeddable":true,"href":"https:\/\/armoniaantiqua.org\/index.php?rest_route=\/wp\/v2\/users\/1"}],"replies":[{"embeddable":true,"href":"https:\/\/armoniaantiqua.org\/index.php?rest_route=%2Fwp%2Fv2%2Fcomments&post=23453"}],"version-history":[{"count":34,"href":"https:\/\/armoniaantiqua.org\/index.php?rest_route=\/wp\/v2\/pages\/23453\/revisions"}],"predecessor-version":[{"id":27276,"href":"https:\/\/armoniaantiqua.org\/index.php?rest_route=\/wp\/v2\/pages\/23453\/revisions\/27276"}],"wp:attachment":[{"href":"https:\/\/armoniaantiqua.org\/index.php?rest_route=%2Fwp%2Fv2%2Fmedia&parent=23453"}],"curies":[{"name":"wp","href":"https:\/\/api.w.org\/{rel}","templated":true}]}}